{"id":22,"date":"2025-03-02T01:04:15","date_gmt":"2025-03-02T01:04:15","guid":{"rendered":"https:\/\/advocaciaap.adv.br\/?page_id=22"},"modified":"2025-03-02T02:26:24","modified_gmt":"2025-03-02T02:26:24","slug":"atuacao","status":"publish","type":"page","link":"https:\/\/advocaciaap.adv.br\/index.php\/atuacao\/","title":{"rendered":"Atua\u00e7\u00e3o"},"content":{"rendered":"\t\t<div data-elementor-type=\"wp-page\" data-elementor-id=\"22\" class=\"elementor elementor-22\" data-elementor-post-type=\"page\">\n\t\t\t\t\t\t<section class=\"elementor-section elementor-top-section elementor-element elementor-element-64fd745f elementor-section-boxed elementor-section-height-default elementor-section-height-default\" data-id=\"64fd745f\" data-element_type=\"section\" data-settings=\"{&quot;background_background&quot;:&quot;gradient&quot;}\">\n\t\t\t\t\t\t\t<div class=\"elementor-background-overlay\"><\/div>\n\t\t\t\t\t\t\t<div class=\"elementor-container elementor-column-gap-default\">\n\t\t\t\t\t<div class=\"elementor-column elementor-col-33 elementor-top-column elementor-element elementor-element-4b7aa854 elementor-hidden-tablet elementor-hidden-mobile\" data-id=\"4b7aa854\" data-element_type=\"column\" data-settings=\"{&quot;background_background&quot;:&quot;classic&quot;}\">\n\t\t\t<div class=\"elementor-widget-wrap\">\n\t\t\t\t\t\t\t<\/div>\n\t\t<\/div>\n\t\t\t\t<div class=\"elementor-column elementor-col-66 elementor-top-column elementor-element elementor-element-65a48812\" data-id=\"65a48812\" data-element_type=\"column\">\n\t\t\t<div class=\"elementor-widget-wrap elementor-element-populated\">\n\t\t\t\t\t\t<div class=\"elementor-element elementor-element-3ae8486 elementor-widget__width-initial elementor-invisible elementor-widget elementor-widget-heading\" data-id=\"3ae8486\" data-element_type=\"widget\" data-settings=\"{&quot;_animation&quot;:&quot;fadeIn&quot;,&quot;_animation_delay&quot;:&quot;200&quot;}\" data-widget_type=\"heading.default\">\n\t\t\t\t<div class=\"elementor-widget-container\">\n\t\t\t\t\t<h1 class=\"elementor-heading-title elementor-size-default\">\u00c1reas de Atua\u00e7\u00e3o<\/h1>\t\t\t\t<\/div>\n\t\t\t\t<\/div>\n\t\t\t\t<div class=\"elementor-element elementor-element-454fdf76 elementor-invisible elementor-widget elementor-widget-text-editor\" data-id=\"454fdf76\" data-element_type=\"widget\" data-settings=\"{&quot;_animation&quot;:&quot;fadeIn&quot;,&quot;_animation_delay&quot;:&quot;400&quot;}\" data-widget_type=\"text-editor.default\">\n\t\t\t\t<div class=\"elementor-widget-container\">\n\t\t\t\t\t\t\t\t\t<p>Na Aparecido &amp; Pereira \u2013 Sociedade de Advogados, atuamos de forma multidisciplinar para oferecer solu\u00e7\u00f5es jur\u00eddicas personalizadas em diversas \u00e1reas do Direito. Nossa experi\u00eancia e dedica\u00e7\u00e3o garantem a prote\u00e7\u00e3o dos seus direitos, assegurando resultados eficazes e transformadores para cada caso.<\/p>\t\t\t\t\t\t\t\t<\/div>\n\t\t\t\t<\/div>\n\t\t\t\t<section class=\"elementor-section elementor-inner-section elementor-element elementor-element-4e2b2a1e elementor-section-boxed elementor-section-height-default elementor-section-height-default\" data-id=\"4e2b2a1e\" data-element_type=\"section\">\n\t\t\t\t\t\t<div class=\"elementor-container elementor-column-gap-no\">\n\t\t\t\t\t<div class=\"elementor-column elementor-col-50 elementor-inner-column elementor-element elementor-element-1e7e7e26\" data-id=\"1e7e7e26\" data-element_type=\"column\">\n\t\t\t<div class=\"elementor-widget-wrap elementor-element-populated\">\n\t\t\t\t\t\t<div class=\"elementor-element elementor-element-46102e75 elementor-widget__width-initial elementor-invisible elementor-widget elementor-widget-jkit_fun_fact\" data-id=\"46102e75\" data-element_type=\"widget\" data-settings=\"{&quot;_animation&quot;:&quot;fadeInUp&quot;,&quot;_animation_delay&quot;:&quot;100&quot;}\" data-widget_type=\"jkit_fun_fact.default\">\n\t\t\t\t<div class=\"elementor-widget-container\">\n\t\t\t\t\t<div  class=\"jeg-elementor-kit jkit-fun-fact align-center hover-from-left elementor-animation- jeg_module___69f3a237b71b5\" ><div class=fun-fact-inner>\n            <div class=\"content\">\n                <div class=\"number-wrapper\"><span class=\"prefix\"><\/span>\n        <span class=\"number\" data-value=\"15\" data-animation-duration=\"3500\">0<\/span>\n        <span class=\"suffix\"><\/span><sup class=\"super\">+<\/sup><\/div>\n                <p class=\"title\">Anos de Experiencia<\/p>\n            <\/div>\n        <\/div><\/div>\t\t\t\t<\/div>\n\t\t\t\t<\/div>\n\t\t\t\t\t<\/div>\n\t\t<\/div>\n\t\t\t\t<div class=\"elementor-column elementor-col-50 elementor-inner-column elementor-element elementor-element-3b8f7d5d\" data-id=\"3b8f7d5d\" data-element_type=\"column\">\n\t\t\t<div class=\"elementor-widget-wrap\">\n\t\t\t\t\t\t\t<\/div>\n\t\t<\/div>\n\t\t\t\t\t<\/div>\n\t\t<\/section>\n\t\t\t\t\t<\/div>\n\t\t<\/div>\n\t\t\t\t\t<\/div>\n\t\t<\/section>\n\t\t\t\t<section class=\"elementor-section elementor-top-section elementor-element elementor-element-860b545 elementor-section-boxed elementor-section-height-default elementor-section-height-default\" data-id=\"860b545\" data-element_type=\"section\" data-settings=\"{&quot;background_background&quot;:&quot;classic&quot;}\">\n\t\t\t\t\t\t\t<div class=\"elementor-background-overlay\"><\/div>\n\t\t\t\t\t\t\t<div class=\"elementor-container elementor-column-gap-default\">\n\t\t\t\t\t<div class=\"elementor-column elementor-col-100 elementor-top-column elementor-element elementor-element-e114b54\" data-id=\"e114b54\" data-element_type=\"column\">\n\t\t\t<div class=\"elementor-widget-wrap elementor-element-populated\">\n\t\t\t\t\t\t<div class=\"elementor-element elementor-element-a168e38 elementor-widget__width-initial elementor-invisible elementor-widget elementor-widget-heading\" data-id=\"a168e38\" data-element_type=\"widget\" data-settings=\"{&quot;_animation&quot;:&quot;fadeIn&quot;}\" data-widget_type=\"heading.default\">\n\t\t\t\t<div class=\"elementor-widget-container\">\n\t\t\t\t\t<h2 class=\"elementor-heading-title elementor-size-default\">Solu\u00e7\u00f5es Jur\u00eddicas Completa e Personalizadas<\/h2>\t\t\t\t<\/div>\n\t\t\t\t<\/div>\n\t\t\t\t<section class=\"elementor-section elementor-inner-section elementor-element elementor-element-2de3fed elementor-section-boxed elementor-section-height-default elementor-section-height-default\" data-id=\"2de3fed\" data-element_type=\"section\">\n\t\t\t\t\t\t<div class=\"elementor-container elementor-column-gap-no\">\n\t\t\t\t\t<div class=\"elementor-column elementor-col-25 elementor-inner-column elementor-element elementor-element-5f999ba\" data-id=\"5f999ba\" data-element_type=\"column\">\n\t\t\t<div class=\"elementor-widget-wrap elementor-element-populated\">\n\t\t\t\t\t\t<div class=\"elementor-element elementor-element-41c5326 elementor-widget__width-initial jkit-equal-height-disable elementor-widget elementor-widget-jkit_icon_box\" data-id=\"41c5326\" data-element_type=\"widget\" data-widget_type=\"jkit_icon_box.default\">\n\t\t\t\t<div class=\"elementor-widget-container\">\n\t\t\t\t\t<div  class=\"jeg-elementor-kit jkit-icon-box icon-position-top elementor-animation- jeg_module__1_69f3a237ba29d\" ><div class=\"jkit-icon-box-wrapper hover-from-left\"><div class=\"icon-box icon-box-header elementor-animation-\"><div class=\"icon style-color\"><i aria-hidden=\"true\" class=\"jki jki-suitcase\"><\/i><\/div><\/div><div class=\"icon-box icon-box-body\">\n                <h3 class=\"title\">Direito do Trabalho<\/h3><p class=\"icon-box-description\">Protegemos os interesses de empregados e empresas com assessoria completa, atuando de forma preventiva e contenciosa para garantir seguran\u00e7a nas rela\u00e7\u00f5es trabalhistas.<\/p><div class=\"icon-box-button \">\n                <div class=\"btn-wrapper icon-position-after\">\n                    <a href=\"#\" class=\"icon-box-link\" aria-label=\"Fale Conosco\">Fale Conosco<\/a>\n                <\/div>\n            <\/div>\n            <\/div>\n            \n            <\/div><\/div>\t\t\t\t<\/div>\n\t\t\t\t<\/div>\n\t\t\t\t\t<\/div>\n\t\t<\/div>\n\t\t\t\t<div class=\"elementor-column elementor-col-50 elementor-inner-column elementor-element elementor-element-ef7cd1e\" data-id=\"ef7cd1e\" data-element_type=\"column\">\n\t\t\t<div class=\"elementor-widget-wrap elementor-element-populated\">\n\t\t\t\t\t\t<div class=\"elementor-element elementor-element-10240f7 elementor-widget__width-initial jkit-equal-height-disable elementor-widget elementor-widget-jkit_icon_box\" data-id=\"10240f7\" data-element_type=\"widget\" data-widget_type=\"jkit_icon_box.default\">\n\t\t\t\t<div class=\"elementor-widget-container\">\n\t\t\t\t\t<div  class=\"jeg-elementor-kit jkit-icon-box icon-position-top elementor-animation- jeg_module__2_69f3a237bae9c\" ><div class=\"jkit-icon-box-wrapper hover-from-left\"><div class=\"icon-box icon-box-header elementor-animation-\"><div class=\"icon style-color\"><svg aria-hidden=\"true\" class=\"e-font-icon-svg e-fas-shield-alt\" viewBox=\"0 0 512 512\" xmlns=\"http:\/\/www.w3.org\/2000\/svg\"><path d=\"M466.5 83.7l-192-80a48.15 48.15 0 0 0-36.9 0l-192 80C27.7 91.1 16 108.6 16 128c0 198.5 114.5 335.7 221.5 380.3 11.8 4.9 25.1 4.9 36.9 0C360.1 472.6 496 349.3 496 128c0-19.4-11.7-36.9-29.5-44.3zM256.1 446.3l-.1-381 175.9 73.3c-3.3 151.4-82.1 261.1-175.8 307.7z\"><\/path><\/svg><\/div><\/div><div class=\"icon-box icon-box-body\">\n                <h3 class=\"title\">Direito Previdenci\u00e1rio<\/h3><p class=\"icon-box-description\">Defendemos os direitos dos segurados junto ao INSS, buscando restabelecimento de benef\u00edcios, concess\u00e3o de aposentadoria e indeniza\u00e7\u00f5es atrasadas.<\/p><div class=\"icon-box-button \">\n                <div class=\"btn-wrapper icon-position-after\">\n                    <a href=\"#\" class=\"icon-box-link\" aria-label=\"Fale Conosco\">Fale Conosco<\/a>\n                <\/div>\n            <\/div>\n            <\/div>\n            \n            <\/div><\/div>\t\t\t\t<\/div>\n\t\t\t\t<\/div>\n\t\t\t\t\t<\/div>\n\t\t<\/div>\n\t\t\t\t<div class=\"elementor-column elementor-col-25 elementor-inner-column elementor-element elementor-element-3646e19\" data-id=\"3646e19\" data-element_type=\"column\">\n\t\t\t<div class=\"elementor-widget-wrap elementor-element-populated\">\n\t\t\t\t\t\t<div class=\"elementor-element elementor-element-36aeee2 elementor-widget__width-initial jkit-equal-height-disable elementor-widget elementor-widget-jkit_icon_box\" data-id=\"36aeee2\" data-element_type=\"widget\" data-widget_type=\"jkit_icon_box.default\">\n\t\t\t\t<div class=\"elementor-widget-container\">\n\t\t\t\t\t<div  class=\"jeg-elementor-kit jkit-icon-box icon-position-top elementor-animation- jeg_module__3_69f3a237bb708\" ><div class=\"jkit-icon-box-wrapper hover-from-left\"><div class=\"icon-box icon-box-header elementor-animation-\"><div class=\"icon style-color\"><i aria-hidden=\"true\" class=\"jki jki-balance-light\"><\/i><\/div><\/div><div class=\"icon-box icon-box-body\">\n                <h3 class=\"title\">Direito Civil<\/h3><p class=\"icon-box-description\">Oferecemos consultoria e representa\u00e7\u00e3o em a\u00e7\u00f5es judiciais e extrajudiciais, cuidando de processos de indeniza\u00e7\u00e3o, notifica\u00e7\u00f5es e disputas patrimoniais ou morais.<\/p><div class=\"icon-box-button \">\n                <div class=\"btn-wrapper icon-position-after\">\n                    <a href=\"#\" class=\"icon-box-link\" aria-label=\"Fale Conosco\">Fale Conosco<\/a>\n                <\/div>\n            <\/div>\n            <\/div>\n            \n            <\/div><\/div>\t\t\t\t<\/div>\n\t\t\t\t<\/div>\n\t\t\t\t\t<\/div>\n\t\t<\/div>\n\t\t\t\t\t<\/div>\n\t\t<\/section>\n\t\t\t\t<section class=\"elementor-section elementor-inner-section elementor-element elementor-element-ed5df3d elementor-section-boxed elementor-section-height-default elementor-section-height-default\" data-id=\"ed5df3d\" data-element_type=\"section\">\n\t\t\t\t\t\t<div class=\"elementor-container elementor-column-gap-no\">\n\t\t\t\t\t<div class=\"elementor-column elementor-col-25 elementor-inner-column elementor-element elementor-element-0855afa\" data-id=\"0855afa\" data-element_type=\"column\">\n\t\t\t<div class=\"elementor-widget-wrap elementor-element-populated\">\n\t\t\t\t\t\t<div class=\"elementor-element elementor-element-e1fdc60 elementor-widget__width-initial jkit-equal-height-disable elementor-widget elementor-widget-jkit_icon_box\" data-id=\"e1fdc60\" data-element_type=\"widget\" data-widget_type=\"jkit_icon_box.default\">\n\t\t\t\t<div class=\"elementor-widget-container\">\n\t\t\t\t\t<div  class=\"jeg-elementor-kit jkit-icon-box icon-position-top elementor-animation- jeg_module__4_69f3a237bbf7d\" ><div class=\"jkit-icon-box-wrapper hover-from-left\"><div class=\"icon-box icon-box-header elementor-animation-\"><div class=\"icon style-color\"><i aria-hidden=\"true\" class=\"jki jki-building-light\"><\/i><\/div><\/div><div class=\"icon-box icon-box-body\">\n                <h3 class=\"title\">Direito Imobili\u00e1rio<\/h3><p class=\"icon-box-description\">Atuamos na regulamenta\u00e7\u00e3o de im\u00f3veis, contratos de compra, venda, aluguel, usucapi\u00e3o e financiamentos, assegurando seguran\u00e7a jur\u00eddica em cada transa\u00e7\u00e3o.<\/p><div class=\"icon-box-button \">\n                <div class=\"btn-wrapper icon-position-after\">\n                    <a href=\"#\" class=\"icon-box-link\" aria-label=\"Fale Conosco\">Fale Conosco<\/a>\n                <\/div>\n            <\/div>\n            <\/div>\n            \n            <\/div><\/div>\t\t\t\t<\/div>\n\t\t\t\t<\/div>\n\t\t\t\t\t<\/div>\n\t\t<\/div>\n\t\t\t\t<div class=\"elementor-column elementor-col-50 elementor-inner-column elementor-element elementor-element-c4e5c25\" data-id=\"c4e5c25\" data-element_type=\"column\">\n\t\t\t<div class=\"elementor-widget-wrap elementor-element-populated\">\n\t\t\t\t\t\t<div class=\"elementor-element elementor-element-4a1c62d elementor-widget__width-initial jkit-equal-height-disable elementor-widget elementor-widget-jkit_icon_box\" data-id=\"4a1c62d\" data-element_type=\"widget\" data-widget_type=\"jkit_icon_box.default\">\n\t\t\t\t<div class=\"elementor-widget-container\">\n\t\t\t\t\t<div  class=\"jeg-elementor-kit jkit-icon-box icon-position-top elementor-animation- jeg_module__5_69f3a237bc7b7\" ><div class=\"jkit-icon-box-wrapper hover-from-left\"><div class=\"icon-box icon-box-header elementor-animation-\"><div class=\"icon style-color\"><i aria-hidden=\"true\" class=\"jki jki-users1-light\"><\/i><\/div><\/div><div class=\"icon-box icon-box-body\">\n                <h3 class=\"title\">Direito de Fam\u00edlia e Sucess\u00f5es<\/h3><p class=\"icon-box-description\">Prestamos apoio em quest\u00f5es familiares, como div\u00f3rcios, guarda, invent\u00e1rios e partilhas, sempre buscando solu\u00e7\u00f5es harm\u00f4nicas e eficientes.<\/p><div class=\"icon-box-button \">\n                <div class=\"btn-wrapper icon-position-after\">\n                    <a href=\"#\" class=\"icon-box-link\" aria-label=\"Fale Conosco\">Fale Conosco<\/a>\n                <\/div>\n            <\/div>\n            <\/div>\n            \n            <\/div><\/div>\t\t\t\t<\/div>\n\t\t\t\t<\/div>\n\t\t\t\t\t<\/div>\n\t\t<\/div>\n\t\t\t\t<div class=\"elementor-column elementor-col-25 elementor-inner-column elementor-element elementor-element-cdda9f6\" data-id=\"cdda9f6\" data-element_type=\"column\">\n\t\t\t<div class=\"elementor-widget-wrap elementor-element-populated\">\n\t\t\t\t\t\t<div class=\"elementor-element elementor-element-e9f407f elementor-widget__width-initial jkit-equal-height-disable elementor-widget elementor-widget-jkit_icon_box\" data-id=\"e9f407f\" data-element_type=\"widget\" data-widget_type=\"jkit_icon_box.default\">\n\t\t\t\t<div class=\"elementor-widget-container\">\n\t\t\t\t\t<div  class=\"jeg-elementor-kit jkit-icon-box icon-position-top elementor-animation- jeg_module__6_69f3a237bcfb5\" ><div class=\"jkit-icon-box-wrapper hover-from-left\"><div class=\"icon-box icon-box-header elementor-animation-\"><div class=\"icon style-color\"><i aria-hidden=\"true\" class=\"jki jki-online-shopping-cart-light\"><\/i><\/div><\/div><div class=\"icon-box icon-box-body\">\n                <h3 class=\"title\">Direito do Consumidor<\/h3><p class=\"icon-box-description\">Defendemos consumidores em casos de cobran\u00e7as indevidas, negativa\u00e7\u00f5es, atrasos na entrega de produtos, fraudes e demandas por indeniza\u00e7\u00e3o.<\/p><div class=\"icon-box-button \">\n                <div class=\"btn-wrapper icon-position-after\">\n                    <a href=\"#\" class=\"icon-box-link\" aria-label=\"Fale Conosco\">Fale Conosco<\/a>\n                <\/div>\n            <\/div>\n            <\/div>\n            \n            <\/div><\/div>\t\t\t\t<\/div>\n\t\t\t\t<\/div>\n\t\t\t\t\t<\/div>\n\t\t<\/div>\n\t\t\t\t\t<\/div>\n\t\t<\/section>\n\t\t\t\t\t<\/div>\n\t\t<\/div>\n\t\t\t\t\t<\/div>\n\t\t<\/section>\n\t\t\t\t<section class=\"elementor-section elementor-top-section elementor-element elementor-element-ec7e607 elementor-section-boxed elementor-section-height-default elementor-section-height-default\" data-id=\"ec7e607\" data-element_type=\"section\" data-settings=\"{&quot;background_background&quot;:&quot;classic&quot;}\">\n\t\t\t\t\t\t\t<div class=\"elementor-background-overlay\"><\/div>\n\t\t\t\t\t\t\t<div class=\"elementor-container elementor-column-gap-default\">\n\t\t\t\t\t<div class=\"elementor-column elementor-col-100 elementor-top-column elementor-element elementor-element-da3b4bb\" data-id=\"da3b4bb\" data-element_type=\"column\">\n\t\t\t<div class=\"elementor-widget-wrap elementor-element-populated\">\n\t\t\t\t\t\t<div class=\"elementor-element elementor-element-7acecc9 elementor-widget__width-inherit elementor-invisible elementor-widget elementor-widget-heading\" data-id=\"7acecc9\" data-element_type=\"widget\" data-settings=\"{&quot;_animation&quot;:&quot;fadeIn&quot;,&quot;_animation_delay&quot;:&quot;100&quot;}\" data-widget_type=\"heading.default\">\n\t\t\t\t<div class=\"elementor-widget-container\">\n\t\t\t\t\t<h2 class=\"elementor-heading-title elementor-size-default\">Agende Sua Consulta Agora!<\/h2>\t\t\t\t<\/div>\n\t\t\t\t<\/div>\n\t\t\t\t<div class=\"elementor-element elementor-element-3f8fed3 elementor-widget__width-inherit elementor-invisible elementor-widget elementor-widget-text-editor\" data-id=\"3f8fed3\" data-element_type=\"widget\" data-settings=\"{&quot;_animation&quot;:&quot;fadeIn&quot;,&quot;_animation_delay&quot;:&quot;300&quot;}\" data-widget_type=\"text-editor.default\">\n\t\t\t\t<div class=\"elementor-widget-container\">\n\t\t\t\t\t\t\t\t\t<p>a Aparecido &amp; Pereira, sua seguran\u00e7a jur\u00eddica \u00e9 nossa prioridade. Com mais de 15 anos de experi\u00eancia, oferecemos solu\u00e7\u00f5es personalizadas e eficientes para proteger seus direitos. Entre em contato e descubra como podemos transformar desafios em solu\u00e7\u00f5es eficazes para o seu futuro.<\/p>\t\t\t\t\t\t\t\t<\/div>\n\t\t\t\t<\/div>\n\t\t\t\t<div class=\"elementor-element elementor-element-1c34bab elementor-widget__width-inherit elementor-invisible elementor-widget elementor-widget-jkit_button\" data-id=\"1c34bab\" data-element_type=\"widget\" data-settings=\"{&quot;_animation&quot;:&quot;fadeIn&quot;,&quot;_animation_delay&quot;:&quot;500&quot;}\" data-widget_type=\"jkit_button.default\">\n\t\t\t\t<div class=\"elementor-widget-container\">\n\t\t\t\t\t<div  class=\"jeg-elementor-kit jkit-button  icon-position-before jeg_module__7_69f3a237bec30\" ><a href=\"https:\/\/advocaciaap.adv.br\/index.php\/fale-conosco\/\" class=\"jkit-button-wrapper\">Fale Conosco<\/a><\/div>\t\t\t\t<\/div>\n\t\t\t\t<\/div>\n\t\t\t\t\t<\/div>\n\t\t<\/div>\n\t\t\t\t\t<\/div>\n\t\t<\/section>\n\t\t\t\t<section class=\"elementor-section elementor-top-section elementor-element elementor-element-75e8768 elementor-section-boxed elementor-section-height-default elementor-section-height-default\" data-id=\"75e8768\" data-element_type=\"section\">\n\t\t\t\t\t\t<div class=\"elementor-container elementor-column-gap-default\">\n\t\t\t\t\t<div class=\"elementor-column elementor-col-100 elementor-top-column elementor-element elementor-element-b5cac23\" data-id=\"b5cac23\" data-element_type=\"column\">\n\t\t\t<div class=\"elementor-widget-wrap elementor-element-populated\">\n\t\t\t\t\t\t<div class=\"elementor-element elementor-element-dbda263 elementor-widget__width-initial elementor-invisible elementor-widget elementor-widget-heading\" data-id=\"dbda263\" data-element_type=\"widget\" data-settings=\"{&quot;_animation&quot;:&quot;fadeIn&quot;,&quot;_animation_delay&quot;:&quot;100&quot;}\" data-widget_type=\"heading.default\">\n\t\t\t\t<div class=\"elementor-widget-container\">\n\t\t\t\t\t<h2 class=\"elementor-heading-title elementor-size-default\">Avalia\u00e7\u00f5es dos Clientes<\/h2>\t\t\t\t<\/div>\n\t\t\t\t<\/div>\n\t\t\t\t<div class=\"elementor-element elementor-element-39f380a elementor-widget elementor-widget-jkit_testimonials\" data-id=\"39f380a\" data-element_type=\"widget\" data-widget_type=\"jkit_testimonials.default\">\n\t\t\t\t<div class=\"elementor-widget-container\">\n\t\t\t\t\t<div  class=\"jeg-elementor-kit jkit-testimonials arrow-middle-edge style-3  jeg_module__8_69f3a237c2246\"  data-id=\"jeg_module__8_69f3a237c2246\" data-settings=\"{&quot;autoplay&quot;:true,&quot;autoplay_speed&quot;:4500,&quot;autoplay_hover_pause&quot;:false,&quot;show_navigation&quot;:true,&quot;navigation_left&quot;:&quot;&lt;span&gt;&lt;i aria-hidden=\\&quot;true\\&quot; class=\\&quot;jki jki-angle-left-solid\\&quot;&gt;&lt;\\\/i&gt;&lt;\\\/span&gt;&quot;,&quot;navigation_right&quot;:&quot;&lt;span&gt;&lt;i aria-hidden=\\&quot;true\\&quot; class=\\&quot;jki jki-angle-right-solid\\&quot;&gt;&lt;\\\/i&gt;&lt;\\\/span&gt;&quot;,&quot;show_dots&quot;:true,&quot;arrow_position&quot;:&quot;bottom&quot;,&quot;responsive&quot;:{&quot;desktop&quot;:{&quot;items&quot;:&quot;1&quot;,&quot;margin&quot;:10,&quot;breakpoint&quot;:1025},&quot;tablet&quot;:{&quot;items&quot;:&quot;1&quot;,&quot;margin&quot;:10,&quot;breakpoint&quot;:768},&quot;mobile&quot;:{&quot;items&quot;:1,&quot;margin&quot;:10,&quot;breakpoint&quot;:0}}}\"><div class=\"testimonials-list\">\n            <div class=\"testimonials-track\"><div class=\"testimonial-item  elementor-repeater-item-439605d\">\n                <div class=\"testimonial-box hover-from-left\">\n                    <div class=\"icon-content\"><\/div><div class=\"comment-content\"><p>\"Confiei \u00e0 Aparecido &amp; Pereira a resolu\u00e7\u00e3o de uma quest\u00e3o trabalhista complexa e o atendimento foi exemplar. Profissionalismo e agilidade marcaram toda a experi\u00eancia. Recomendo sem reservas!\"<\/p><\/div><div class=\"comment-bio\">\n                <div class=\"bio-details\"><div class=\"profile-image\"><\/div><\/div>\n            <\/div>\n            <ul class=\"rating-stars\"><\/ul>\n                    <span class=\"profile-info\">\n                        <strong class=\"profile-name\">Cliente An\u00f4nimo<\/strong>\n                        <p class=\"profile-des\">Excelente Atendimento e Resultados<\/p>\n                    <\/span>\n                <\/div>\n            <\/div><div class=\"testimonial-item  elementor-repeater-item-7900ecc\">\n                <div class=\"testimonial-box hover-from-left\">\n                    <div class=\"icon-content\"><\/div><div class=\"comment-content\"><p>\"Fiquei impressionado com a clareza e a dedica\u00e7\u00e3o da equipe. Desde o primeiro contato, senti que estava em boas m\u00e3os. A orienta\u00e7\u00e3o personalizada fez toda a diferen\u00e7a na resolu\u00e7\u00e3o do meu caso.\"<\/p><\/div><div class=\"comment-bio\">\n                <div class=\"bio-details\"><div class=\"profile-image\"><\/div><\/div>\n            <\/div>\n            <ul class=\"rating-stars\"><\/ul>\n                    <span class=\"profile-info\">\n                        <strong class=\"profile-name\">Maria L.<\/strong>\n                        <p class=\"profile-des\">Profissionalismo e Transpar\u00eancia<\/p>\n                    <\/span>\n                <\/div>\n            <\/div><div class=\"testimonial-item  elementor-repeater-item-3c1d1da\">\n                <div class=\"testimonial-box hover-from-left\">\n                    <div class=\"icon-content\"><\/div><div class=\"comment-content\"><p>\"A atua\u00e7\u00e3o da Aparecido &amp; Pereira superou minhas expectativas. Com mais de 15 anos de experi\u00eancia, demonstraram compet\u00eancia e um real compromisso com os meus interesses, proporcionando seguran\u00e7a e tranquilidade.\"<\/p><\/div><div class=\"comment-bio\">\n                <div class=\"bio-details\"><div class=\"profile-image\"><\/div><\/div>\n            <\/div>\n            <ul class=\"rating-stars\"><\/ul>\n                    <span class=\"profile-info\">\n                        <strong class=\"profile-name\">Pedro M.<\/strong>\n                        <p class=\"profile-des\">Compromisso com a Solu\u00e7\u00e3o<\/p>\n                    <\/span>\n                <\/div>\n            <\/div><\/div>\n        <\/div><\/div>\t\t\t\t<\/div>\n\t\t\t\t<\/div>\n\t\t\t\t\t<\/div>\n\t\t<\/div>\n\t\t\t\t\t<\/div>\n\t\t<\/section>\n\t\t\t\t<\/div>\n\t\t","protected":false},"excerpt":{"rendered":"<p>\u00c1reas de Atua\u00e7\u00e3o Na Aparecido &amp; Pereira \u2013 Sociedade de Advogados, atuamos de forma multidisciplinar para oferecer solu\u00e7\u00f5es jur\u00eddicas personalizadas em diversas \u00e1reas do Direito. Nossa experi\u00eancia e dedica\u00e7\u00e3o garantem a prote\u00e7\u00e3o dos seus direitos, assegurando resultados eficazes e transformadores para cada caso. 0 + Anos de Experiencia Solu\u00e7\u00f5es Jur\u00eddicas Completa e Personalizadas Direito do [&hellip;]<\/p>\n","protected":false},"author":1,"featured_media":0,"parent":0,"menu_order":0,"comment_status":"closed","ping_status":"closed","template":"","meta":{"footnotes":""},"class_list":["post-22","page","type-page","status-publish","hentry"],"_links":{"self":[{"href":"https:\/\/advocaciaap.adv.br\/index.php\/wp-json\/wp\/v2\/pages\/22","targetHints":{"allow":["GET"]}}],"collection":[{"href":"https:\/\/advocaciaap.adv.br\/index.php\/wp-json\/wp\/v2\/pages"}],"about":[{"href":"https:\/\/advocaciaap.adv.br\/index.php\/wp-json\/wp\/v2\/types\/page"}],"author":[{"embeddable":true,"href":"https:\/\/advocaciaap.adv.br\/index.php\/wp-json\/wp\/v2\/users\/1"}],"replies":[{"embeddable":true,"href":"https:\/\/advocaciaap.adv.br\/index.php\/wp-json\/wp\/v2\/comments?post=22"}],"version-history":[{"count":4,"href":"https:\/\/advocaciaap.adv.br\/index.php\/wp-json\/wp\/v2\/pages\/22\/revisions"}],"predecessor-version":[{"id":139,"href":"https:\/\/advocaciaap.adv.br\/index.php\/wp-json\/wp\/v2\/pages\/22\/revisions\/139"}],"wp:attachment":[{"href":"https:\/\/advocaciaap.adv.br\/index.php\/wp-json\/wp\/v2\/media?parent=22"}],"curies":[{"name":"wp","href":"https:\/\/api.w.org\/{rel}","templated":true}]}}